{"id":8,"date":"2013-07-10T19:57:51","date_gmt":"2013-07-10T17:57:51","guid":{"rendered":"http:\/\/www.schmidt-badessen.de\/cms\/?page_id=8"},"modified":"2017-03-05T17:58:02","modified_gmt":"2017-03-05T15:58:02","slug":"lage","status":"publish","type":"page","link":"https:\/\/www.schmidt-badessen.de\/cms\/lage\/","title":{"rendered":"Lage"},"content":{"rendered":"<p>Die Umgebung von Bad Essen hat viel zu bieten.<\/p>\n<p>Auf Wunsch vermitteln wir Ihnen ein Rahmenprogramm mit Besichtigungen, Weinprobe, Wellness und vieles mehr. Lassen Sie sich von uns gute Tipps geben.<br \/>\n&nbsp;<br \/>\n<a href=\"https:\/\/www.youtube.com\/watch?v=z9Dc0DOBscg\" target=\"_blank\"><img loading=\"lazy\" decoding=\"async\" class=\"alignleft size-full wp-image-268\" style=\"margin-bottom: 10px; margin-right: 10px;\" alt=\"video_placeholder2\" src=\"https:\/\/www.schmidt-badessen.de\/cms\/wp-content\/uploads\/2014\/12\/video_placeholder2.jpg\" width=\"196\" height=\"145\" \/><\/a>Entdecken Sie eine abwechslungsreiche Landschaft und erfahren etwas \u00fcber die historischen Fachwerkbauten. Sie sp\u00fcren den Reiz unserer Thermalsole. Sie freuen sich auf eine urspr\u00fcngliche und gute Lebensart. Sie sind auf den Schl\u00f6ssern und Landsitzen unserer Region zu Gast und Sie begegnen unseren &#8222;\u00e4ltesten\u201d G\u00e4sten, den Sauriern, oder Sie schauen mal bei unseren fr\u00fcheren Nachbarn, den R\u00f6mern, in Kalkriese vorbei.<\/p>\n<p>Au\u00dferdem k\u00f6nnen Sie auch in dem gegen\u00fcberliegenden Waldhotel die Waldsauna besuchen, in der Sie neben ausgiebigen Saunag\u00e4ngen auch Massagen &amp; Kosmetikbehandlungen buchen k\u00f6nnen.<br \/>\nAn der Schnittstelle zwischen der Norddeutschen Tiefebene und den reizvollen Lagen des Wiehengebirges gelegen bietet Bad Essen jedem Besucher attraktive Perspektiven.<\/p>\n<p>Neben gut ausgebauten Stra\u00dfen mit wenig Verkehr f\u00fcr Motorrad- und Rennradfahrer findet man zum Beispiel in einem Umkreis unter anderem die folgenden lohnenden Ausflugsziele:<\/p>\n<p>&nbsp;<\/p>\n","protected":false},"excerpt":{"rendered":"<p>Die Umgebung von Bad Essen hat viel zu bieten. Auf Wunsch vermitteln wir Ihnen ein Rahmenprogramm mit Besichtigungen, Weinprobe, Wellness und vieles mehr. Lassen Sie sich von uns gute Tipps geben. &nbsp; Entdecken Sie eine abwechslungsreiche Landschaft und erfahren etwas \u00fcber die historischen Fachwerkbauten. Sie sp\u00fcren den Reiz unserer Thermalsole. Sie freuen sich auf eine [&hellip;]<\/p>\n","protected":false},"author":1,"featured_media":0,"parent":0,"menu_order":0,"comment_status":"closed","ping_status":"closed","template":"map.php","meta":{"footnotes":""},"_links":{"self":[{"href":"https:\/\/www.schmidt-badessen.de\/cms\/wp-json\/wp\/v2\/pages\/8"}],"collection":[{"href":"https:\/\/www.schmidt-badessen.de\/cms\/wp-json\/wp\/v2\/pages"}],"about":[{"href":"https:\/\/www.schmidt-badessen.de\/cms\/wp-json\/wp\/v2\/types\/page"}],"author":[{"embeddable":true,"href":"https:\/\/www.schmidt-badessen.de\/cms\/wp-json\/wp\/v2\/users\/1"}],"replies":[{"embeddable":true,"href":"https:\/\/www.schmidt-badessen.de\/cms\/wp-json\/wp\/v2\/comments?post=8"}],"version-history":[{"count":17,"href":"https:\/\/www.schmidt-badessen.de\/cms\/wp-json\/wp\/v2\/pages\/8\/revisions"}],"predecessor-version":[{"id":287,"href":"https:\/\/www.schmidt-badessen.de\/cms\/wp-json\/wp\/v2\/pages\/8\/revisions\/287"}],"wp:attachment":[{"href":"https:\/\/www.schmidt-badessen.de\/cms\/wp-json\/wp\/v2\/media?parent=8"}],"curies":[{"name":"wp","href":"https:\/\/api.w.org\/{rel}","templated":true}]}}