{"id":21,"date":"2013-07-10T20:04:02","date_gmt":"2013-07-10T18:04:02","guid":{"rendered":"http:\/\/www.schmidt-badessen.de\/cms\/?page_id=21"},"modified":"2013-08-22T23:37:26","modified_gmt":"2013-08-22T21:37:26","slug":"kontakt","status":"publish","type":"page","link":"https:\/\/www.schmidt-badessen.de\/cms\/kontakt\/","title":{"rendered":"Kontakt"},"content":{"rendered":"<p>Bitte Senden Sie uns \u00fcber das Formular Ihre Anfrage f\u00fcr Reservierung zu.<br \/>\nBei Verf\u00fcgbarkeit der Zimmer erhalten Sie eine verbindliche eine Benachrichtigung per Email oder telefonisch.<br \/>\nBitte nutzen Sie das Textfeld um uns zus\u00e4t liche Informationen (wie einen z.B. einen sp\u00e4tere Anreisezeit o.\u00e4.) mitzuteilen.<br \/>\nF\u00fcr Ihre Buchung ben\u00f6tigen wir Ihre Adresse sowie Email-Adresse und Telefonnummer.<br \/>\nIhre Daten werden vertraulich behandelt und an Dritte nicht weitergegeben!<\/p>\n","protected":false},"excerpt":{"rendered":"<p>Bitte Senden Sie uns \u00fcber das Formular Ihre Anfrage f\u00fcr Reservierung zu. Bei Verf\u00fcgbarkeit der Zimmer erhalten Sie eine verbindliche eine Benachrichtigung per Email oder telefonisch. Bitte nutzen Sie das Textfeld um uns zus\u00e4t liche Informationen (wie einen z.B. einen sp\u00e4tere Anreisezeit o.\u00e4.) mitzuteilen. F\u00fcr Ihre Buchung ben\u00f6tigen wir Ihre Adresse sowie Email-Adresse und Telefonnummer. [&hellip;]<\/p>\n","protected":false},"author":1,"featured_media":0,"parent":0,"menu_order":0,"comment_status":"closed","ping_status":"closed","template":"contact.php","meta":{"footnotes":""},"_links":{"self":[{"href":"https:\/\/www.schmidt-badessen.de\/cms\/wp-json\/wp\/v2\/pages\/21"}],"collection":[{"href":"https:\/\/www.schmidt-badessen.de\/cms\/wp-json\/wp\/v2\/pages"}],"about":[{"href":"https:\/\/www.schmidt-badessen.de\/cms\/wp-json\/wp\/v2\/types\/page"}],"author":[{"embeddable":true,"href":"https:\/\/www.schmidt-badessen.de\/cms\/wp-json\/wp\/v2\/users\/1"}],"replies":[{"embeddable":true,"href":"https:\/\/www.schmidt-badessen.de\/cms\/wp-json\/wp\/v2\/comments?post=21"}],"version-history":[{"count":4,"href":"https:\/\/www.schmidt-badessen.de\/cms\/wp-json\/wp\/v2\/pages\/21\/revisions"}],"predecessor-version":[{"id":154,"href":"https:\/\/www.schmidt-badessen.de\/cms\/wp-json\/wp\/v2\/pages\/21\/revisions\/154"}],"wp:attachment":[{"href":"https:\/\/www.schmidt-badessen.de\/cms\/wp-json\/wp\/v2\/media?parent=21"}],"curies":[{"name":"wp","href":"https:\/\/api.w.org\/{rel}","templated":true}]}}