{"id":112,"date":"2013-08-03T15:16:34","date_gmt":"2013-08-03T13:16:34","guid":{"rendered":"http:\/\/www.schmidt-badessen.de\/cms\/?page_id=112"},"modified":"2013-09-19T23:28:07","modified_gmt":"2013-09-19T21:28:07","slug":"unser-haus","status":"publish","type":"page","link":"https:\/\/www.schmidt-badessen.de\/cms\/zimmer\/unser-haus\/","title":{"rendered":"Unser Haus"},"content":{"rendered":"<p>Unser gepflegtes Haus verf\u00fcgt \u00fcber 4 komfortable G\u00e4stezimmer (3 Doppelzimmer und 1 Einzelzimmer) sowie einen gem\u00fctlichen Fr\u00fchst\u00fccksraum.<\/p>\n<p>Die G\u00e4stezimmer sind behaglich mit Naturholz-M\u00f6beln und\u00a0-Fu\u00dfb\u00f6den ausgestattet und verf\u00fcgen \u00fcber einen separaten Eingang.<br \/>\nZu jedem Zimmer z\u00e4hlt eine Terrasse oder Balkon mit Sitzgelegenheit.<br \/>\nSie wohnen im liebevoll eingerichteten Doppel- bzw. Einzelzimmer mit Dusche\/WC, SAT-TV, Telefon und kostenlosem WLAN-Zugang.<\/p>\n<p>Der gro\u00dfz\u00fcgig angelegte Garten ist auf verschiedenen Ebenen angelegt. Die romantische Liegewiese l\u00e4dt zum Entspannen ein.<br \/>\nGrillplatz mit Pavillon und Sitzgelegenheiten stehen zur Benutzung zur Verf\u00fcgung.<\/p>\n<p>Die idyllische Lage, umgeben von Mischwald mit herrlichen Wanderwegen l\u00e4dt zum Erkunden und Entdecken ein.<br \/>\nIn zehn Gehminuten erreichen sie \u00fcber die Waldkuranlagen den historischen Ortskern von Bad Essen.<\/p>\n","protected":false},"excerpt":{"rendered":"<p>Unser gepflegtes Haus verf\u00fcgt \u00fcber 4 komfortable G\u00e4stezimmer (3 Doppelzimmer und 1 Einzelzimmer) sowie einen gem\u00fctlichen Fr\u00fchst\u00fccksraum. Die G\u00e4stezimmer sind behaglich mit Naturholz-M\u00f6beln und\u00a0-Fu\u00dfb\u00f6den ausgestattet und verf\u00fcgen \u00fcber einen separaten Eingang. Zu jedem Zimmer z\u00e4hlt eine Terrasse oder Balkon mit Sitzgelegenheit. Sie wohnen im liebevoll eingerichteten Doppel- bzw. Einzelzimmer mit Dusche\/WC, SAT-TV, Telefon und kostenlosem [&hellip;]<\/p>\n","protected":false},"author":1,"featured_media":0,"parent":10,"menu_order":0,"comment_status":"closed","ping_status":"closed","template":"page_zimmer_overview.php","meta":{"footnotes":""},"_links":{"self":[{"href":"https:\/\/www.schmidt-badessen.de\/cms\/wp-json\/wp\/v2\/pages\/112"}],"collection":[{"href":"https:\/\/www.schmidt-badessen.de\/cms\/wp-json\/wp\/v2\/pages"}],"about":[{"href":"https:\/\/www.schmidt-badessen.de\/cms\/wp-json\/wp\/v2\/types\/page"}],"author":[{"embeddable":true,"href":"https:\/\/www.schmidt-badessen.de\/cms\/wp-json\/wp\/v2\/users\/1"}],"replies":[{"embeddable":true,"href":"https:\/\/www.schmidt-badessen.de\/cms\/wp-json\/wp\/v2\/comments?post=112"}],"version-history":[{"count":11,"href":"https:\/\/www.schmidt-badessen.de\/cms\/wp-json\/wp\/v2\/pages\/112\/revisions"}],"predecessor-version":[{"id":246,"href":"https:\/\/www.schmidt-badessen.de\/cms\/wp-json\/wp\/v2\/pages\/112\/revisions\/246"}],"up":[{"embeddable":true,"href":"https:\/\/www.schmidt-badessen.de\/cms\/wp-json\/wp\/v2\/pages\/10"}],"wp:attachment":[{"href":"https:\/\/www.schmidt-badessen.de\/cms\/wp-json\/wp\/v2\/media?parent=112"}],"curies":[{"name":"wp","href":"https:\/\/api.w.org\/{rel}","templated":true}]}}